{"id":247,"date":"2022-08-22T12:39:57","date_gmt":"2022-08-22T11:39:57","guid":{"rendered":"https:\/\/kayak.ivato.de\/?page_id=247"},"modified":"2023-05-23T13:25:49","modified_gmt":"2023-05-23T12:25:49","slug":"location-finder","status":"publish","type":"page","link":"https:\/\/kayak-new.ivato.de\/en\/location-finder\/","title":{"rendered":"Location Finder"},"content":{"rendered":"<p>[et_pb_section fb_built=&#8220;1&#8243; custom_padding_last_edited=&#8220;on|phone&#8220; next_background_color=&#8220;#eaeaea&#8220; _builder_version=&#8220;4.20.0&#8243; _module_preset=&#8220;default&#8220; background_color=&#8220;#4996D1&#8243; background_enable_image=&#8220;off&#8220; custom_margin=&#8220;0px|0px|0px|0px|false|false&#8220; custom_padding=&#8220;100px|0px|100px|0px|false|false&#8220; custom_padding_tablet=&#8220;100px|0px|100px|0px|false|false&#8220; custom_padding_phone=&#8220;40px|0px|40px|0px|false|false&#8220; bottom_divider_style=&#8220;wave2&#8243; bottom_divider_height=&#8220;40px&#8220; bottom_divider_flip=&#8220;vertical&#8220; saved_tabs=&#8220;all&#8220; locked=&#8220;off&#8220; global_colors_info=&#8220;{}&#8220;][et_pb_row _builder_version=&#8220;4.20.0&#8243; _module_preset=&#8220;default&#8220; width=&#8220;70%&#8220; width_tablet=&#8220;70%&#8220; width_phone=&#8220;80%&#8220; width_last_edited=&#8220;on|phone&#8220; max_width=&#8220;none&#8220; module_alignment=&#8220;center&#8220; custom_margin=&#8220;0px|0px|0px|0px|false|false&#8220; custom_padding=&#8220;0px|0px|0px|0px|false|false&#8220; global_colors_info=&#8220;{}&#8220;][et_pb_column type=&#8220;4_4&#8243; _builder_version=&#8220;4.19.5&#8243; _module_preset=&#8220;default&#8220; custom_padding=&#8220;0px||0px||false|false&#8220; global_colors_info=&#8220;{}&#8220;][et_pb_text _builder_version=&#8220;4.21.0&#8243; _module_preset=&#8220;default&#8220; header_font_size=&#8220;40px&#8220; custom_margin=&#8220;0px||0px||false|false&#8220; custom_padding=&#8220;0px||0px||false|false&#8220; animation_direction=&#8220;left&#8220; scroll_horizontal_motion=&#8220;0|80|80|100|-4|0|0&#8243; scroll_blur=&#8220;0|15|15|26|10|0|0&#8243; header_font_size_phone=&#8220;32px&#8220; border_color_bottom=&#8220;#FFFFFF&#8220; global_colors_info=&#8220;{}&#8220;]<\/p>\n<h1>Locations anzeigen<\/h1>\n<p>[\/et_pb_text][\/et_pb_column][\/et_pb_row][\/et_pb_section][et_pb_section fb_built=&#8220;1&#8243; custom_padding_last_edited=&#8220;on|desktop&#8220; next_background_color=&#8220;#ffffff&#8220; _builder_version=&#8220;4.20.4&#8243; _module_preset=&#8220;default&#8220; background_color=&#8220;#eaeaea&#8220; custom_margin=&#8220;||||false|false&#8220; custom_padding=&#8220;60px||80px||false|false&#8220; custom_padding_tablet=&#8220;80px||80px||false|false&#8220; custom_padding_phone=&#8220;40px||60px||false|false&#8220; bottom_divider_style=&#8220;wave2&#8243; bottom_divider_height=&#8220;20px&#8220; bottom_divider_flip=&#8220;horizontal&#8220; global_colors_info=&#8220;{}&#8220;][et_pb_row _builder_version=&#8220;4.20.4&#8243; _module_preset=&#8220;default&#8220; width=&#8220;70%&#8220; width_tablet=&#8220;90%&#8220; width_phone=&#8220;90%&#8220; width_last_edited=&#8220;on|phone&#8220; max_width=&#8220;none&#8220; module_alignment=&#8220;center&#8220; custom_margin=&#8220;0px|0px|0px|0px|false|false&#8220; custom_padding=&#8220;0px|0px|0px|0px|false|false&#8220; global_colors_info=&#8220;{}&#8220;][et_pb_column type=&#8220;4_4&#8243; _builder_version=&#8220;4.18.0&#8243; _module_preset=&#8220;default&#8220; global_colors_info=&#8220;{}&#8220;][et_pb_text _builder_version=&#8220;4.21.0&#8243; _module_preset=&#8220;default&#8220; global_colors_info=&#8220;{}&#8220;]<\/p>\n<h4>NATSEQ Location Finder<\/h4>\n<p>Ihr m\u00f6chtet wissen wo ihr NATSEQ ausprobieren k\u00f6nnt, eine Beratung bekommt oder ein Sofortkauf vor Ort m\u00f6glich ist? Dann gebt einfach eure Postleitzahl ein, setzt die passenden Filter und die Karte zeigt euch das Passende dann an.<\/p>\n<p>Bei unseren Handelspartnern k\u00f6nnt ihr euch beraten lassen und vor Ort auf Tuchf\u00fchlung mit unseren Produkten gehen.<\/p>\n<p>[\/et_pb_text][et_pb_text _builder_version=&#8220;4.21.0&#8243; _module_preset=&#8220;default&#8220; background_enable_color=&#8220;off&#8220; width=&#8220;100%&#8220; module_alignment=&#8220;center&#8220; custom_margin=&#8220;0px|0px|0px|0px|false|false&#8220; custom_padding=&#8220;0px|0px|0px|0px|false|false&#8220; global_colors_info=&#8220;{}&#8220;]<\/p>\n<p>[borlabs-cookie id=&#8220;agilestorelocator&#8220; type=&#8220;content-blocker&#8220;]<style type=\"text\/css\">\n  .asl-p-cont .asl-print-btn,.asl-cont .asl-print-btn {display: none !important;}  #asl-storelocator.asl-cont .sl-main-cont .asl-panel.pol-lg-12 {order: 0;}\n  #asl-storelocator.asl-cont .sl-main-cont .asl-panel.pol-lg-12 .asl-panel-inner{ position: relative;height: 450px;}\n  .asl-cont .onoffswitch .onoffswitch-label .onoffswitch-switch:before {content: \"OPEN\" !important;}\n  .asl-cont .onoffswitch .onoffswitch-label .onoffswitch-switch:after {content: \"ALL\" !important;}\n  @media (max-width: 767px) {\n    #asl-storelocator.asl-cont .asl-panel {order: 0;}\n  }\n  .asl-cont.sl-search-only .Filter_section + .sl-row {display: none;}\n  .asl-cont .sl-hide-branches,\n  .asl-cont .sl-hide-branches:hover {color: #FFF !important; text-decoration: none !important;cursor: pointer;}\n<\/style>\n<div id=\"asl-storelocator\" class=\"storelocator-main asl-cont asl-template-0 asl-layout-0 asl-bg-3 full-width sl-category-tabs  asl-text-1\">\n  <div class=\"asl-wrapper\">\n    <div class=\"sl-container-fluid\">\n             \n      <div class=\"sl-row Filter_section\">\n          <div class=\"pol-lg-4 pol-md-5 pol-sm-12 search_filter\">\n              <label class=\"mb-2\" for=\"auto-complete-search\">Search Location<\/label>\n              <div class=\"sl-search-group d-flex\">\n                <input type=\"text\" value=\"\" data-submit=\"disable\" id=\"auto-complete-search\" placeholder=\"Enter a Location\"  class=\"asl-search-address form-control isp_ignore\">\n                <button aria-label=\"Search Location\" title=\"Search Location\" type=\"button\" class=\"span-geo\"><i class=\"icon-search\"><\/i><\/button>\n              <\/div>\n          <\/div>\n          <div class=\"pol-lg-8 pol-md-7 pol-sm-12\">\n            <div class=\"sl-row\">\n              <div class=\"pol-sm-12 asl-advance-filters hide\">\n                <div class=\"sl-row\">\n                                                      <div class=\"pol-lg-4 pol-md-6 pol-sm-12  asl-tabs-ddl pol-12 pol-lg-12 pol-md-12 pol-sm-12 asl-ddl-filters asl-ddl-filter-cats\">\n                      <div class=\"asl-filter-cntrl\">\n                        <label class=\"asl-cntrl-lbl\" for=\"asl-categories\">Category<\/label>\n                        <div class=\"sl-dropdown-cont\" id=\"categories_filter\">\n                        <\/div>\n                      <\/div>\n                  <\/div>\n                                                                        <div class=\"pol-lg-4 pol-md-6 pol-sm-12 range_filter asl-ddl-filters hide\">\n                    <div class=\"rangeFilter asl-filter-cntrl\">\n                      <label for=\"asl-radius-slide\" class=\"asl-cntrl-lbl\">Distance Range<\/label>\n                      <input id=\"asl-radius-slide\" type=\"text\" class=\"span2\" \/>\n                      <span class=\"rad-unit\">Radius: <span id=\"asl-radius-input\"><\/span> <span id=\"asl-dist-unit\">Km<\/span><\/span>\n                    <\/div>\n                  <\/div>\n                  <div class=\"pol-lg-2 pol-md-3 pol-sm-12 Status_filter\">\n                    <div class=\"asl-filter-cntrl\">\n                      <label class=\"asl-cntrl-lbl\">Status<\/label>\n                      <div class=\"onoffswitch\">\n                        <input type=\"checkbox\" name=\"onoffswitch\" class=\"onoffswitch-checkbox\" id=\"asl-open-close\" checked>\n                        <label aria-label=\"Opened Stores\" title=\"Opened Stores\" class=\"onoffswitch-label\" for=\"asl-open-close\">\n                            <span class=\"onoffswitch-inner\"><\/span>\n                            <span class=\"onoffswitch-switch\"><\/span>\n                        <\/label>\n                      <\/div>\n                    <\/div>\n                  <\/div>\n                <\/div>\n              <\/div>\n            <\/div>\n          <\/div>\n      <\/div>\n            <div class=\"sl-row\">\n        <div class=\"pol-12\">\n            <div class=\"sl-main-cont\">\n                <div class=\"sl-row no-gutters sl-main-row\">\n                    <div id=\"asl-panel\" class=\"asl-panel pol-md-5 pol-lg-4 asl_locator-panel\">\n                        <div class=\"asl-overlay\" id=\"map-loading\">\n                            <div class=\"white\"><\/div>\n                            <div class=\"sl-loading\">\n                              <i class=\"animate-sl-spin icon-spin3\"><\/i>\n                              Loading...                            <\/div>\n                        <\/div>\n                                                <!-- list -->\n                        <div class=\"asl-panel-inner\">\n                            <div class=\"top-title Num_of_store\">\n                              <span><span class=\"sl-head-title\">Number Of Shops<\/span>: <span class=\"count-result\">0<\/span><\/span>\n                                                          <\/div>\n                            <div class=\"sl-main-cont-box\">\n                              <div id=\"asl-list\" class=\"sl-list-wrapper\">\n                                <ul id=\"p-statelist\" class=\"sl-list\">\n                                <\/ul>\n                              <\/div>\n                            <\/div>\n                        <\/div>\n\n                        <div class=\"directions-cont hide\">\n                            <div class=\"agile-modal-header\">\n                                <button type=\"button\" class=\"close\"><span aria-hidden=\"true\">\u00d7<\/span><\/button>\n                                <h4>Store Direction<\/h4>\n                            <\/div>\n                            <div class=\"rendered-directions\" id=\"asl-rendered-dir\" style=\"direction: ltr;\"><\/div>\n                        <\/div>\n                    <\/div>\n                    <div class=\"pol-md-7 pol-lg-8 asl-map\">\n                        <div class=\"map-image\">\n                            <div id=\"asl-map-canv\" class=\"asl-map-canv\"><\/div>\n                            <div id=\"agile-modal-direction\" class=\"agile-modal fade\">\n    <div class=\"agile-modal-backdrop-in\"><\/div>\n    <div class=\"agile-modal-dialog in\">\n        <div class=\"agile-modal-content\">\n            <div class=\"sl-form-group d-flex justify-content-between\">\n                <h4 >GET DIRECTIONS<\/h4>\n                <button type=\"button\" class=\"close-directions sl-close\" data-dismiss=\"agile-modal\" aria-label=\"Close\">&times;<\/button>\n            <\/div>\n            <div class=\"sl-form-group\">\n                <label for=\"frm-lbl\">From:<\/label>\n                <input type=\"text\" class=\"form-control frm-place\" id=\"frm-lbl\" placeholder=\"Enter a Location\">\n            <\/div>\n            <div class=\"sl-form-group\">\n                <label for=\"to-lbl\">To:<\/label>\n                <input readonly=\"true\" type=\"text\"  class=\"directions-to form-control\" id=\"to-lbl\" placeholder=\"Prepopulated Destination Address\">\n            <\/div>\n            <div class=\"sl-form-group mb-0\">\n                <label for=\"rbtn-km\" class=\"checkbox-inline\">\n                    <input type=\"radio\" name=\"dist-type\"  id=\"rbtn-km\" value=\"0\"> Km                <\/label>\n                <label for=\"rbtn-mile\" class=\"checkbox-inline\">\n                    <input type=\"radio\" name=\"dist-type\" checked id=\"rbtn-mile\" value=\"1\"> Miles                <\/label>\n            <\/div>\n            <div class=\"sl-form-group mb-0\">\n                <button type=\"submit\" class=\"btn btn-default btn-submit\">GET DIRECTIONS<\/button>\n            <\/div>\n        <\/div>\n    <\/div>\n<\/div>\n\n<div id=\"asl-geolocation-agile-modal\" class=\"agile-modal fade\">\n  <div class=\"agile-modal-backdrop-in\"><\/div>\n  <div class=\"agile-modal-dialog in\">\n    <div class=\"agile-modal-content\">\n            <div class=\"sl-form-group d-flex justify-content-between\">\n        <h4>LOCATE YOUR GEOPOSITION<\/h4>\n        <button type=\"button\" class=\"close-directions sl-close\" data-dismiss=\"agile-modal\" aria-label=\"Close\">&times;<\/button>\n      <\/div>\n      <div class=\"sl-form-group\">\n        <div class=\"sl-row\">\n        <div class=\"pol-lg-12 mb-2\">\n          <input type=\"text\" class=\"form-control\" id=\"asl-current-loc\" placeholder=\"Your Address\">\n        <\/div>\n        <div class=\"pol-lg-12\">\n          <button type=\"button\" id=\"asl-btn-locate\" class=\"btn btn-block btn-default\">LOCATE<\/button>\n        <\/div>\n        <\/div>\n      <\/div>\n          <\/div>\n  <\/div>\n<\/div>\n\n<div id=\"asl-desc-agile-modal\" class=\"agile-modal fade\">\n  <div class=\"agile-modal-backdrop-in\"><\/div>\n  <div class=\"agile-modal-dialog in\">\n    <div class=\"agile-modal-content\">\n      <div class=\"sl-row\">\n        <div class=\"pol-md-12\">\n          <div class=\"sl-form-group d-flex justify-content-between\">\n            <h4 class=\"sl-title\">Description<\/h4>\n            <button type=\"button\" class=\"close-directions sl-close\" data-dismiss=\"agile-modal\" aria-label=\"Close\">&times;<\/button>\n          <\/div>\n          <div class=\"sl-desc\"><\/div>\n        <\/div>\n      <\/div>\n    <\/div>\n  <\/div>\n<\/div>                        <\/div>\n                    <\/div>\n                <\/div>\n            <\/div>\n        <\/div>\n      <\/div>\n    <\/div>\n      <\/div>\n<\/div>\n<!-- This plugin is developed by \"Agile Store Locator for WordPress\" https:\/\/agilestorelocator.com -->[\/borlabs-cookie]<\/p>\n<p>[\/et_pb_text][\/et_pb_column][\/et_pb_row][\/et_pb_section]<\/p>\n","protected":false},"excerpt":{"rendered":"<p>Locations anzeigenNATSEQ Location Finder Ihr m\u00f6chtet wissen wo ihr NATSEQ ausprobieren k\u00f6nnt, eine Beratung bekommt oder ein Sofortkauf vor Ort m\u00f6glich ist? Dann gebt einfach eure Postleitzahl ein, setzt die passenden Filter und die Karte zeigt euch das Passende dann an. Bei unseren Handelspartnern k\u00f6nnt ihr euch beraten lassen und vor Ort auf Tuchf\u00fchlung mit [&hellip;]<\/p>\n","protected":false},"author":5,"featured_media":0,"parent":0,"menu_order":0,"comment_status":"closed","ping_status":"closed","template":"","meta":{"_et_pb_use_builder":"on","_et_pb_old_content":"<!-- wp:divi\/placeholder \/-->","_et_gb_content_width":"","footnotes":""},"class_list":["post-247","page","type-page","status-publish","hentry"],"yoast_head":"<!-- This site is optimized with the Yoast SEO plugin v27.3 - https:\/\/yoast.com\/product\/yoast-seo-wordpress\/ -->\n<title>Location Finder von KAYAK INNOVATIONS<\/title>\n<meta name=\"description\" content=\"Finde interaktiv den n\u00e4chsten Fachhandelspartner f\u00fcr NATSEQ Kajaks in deiner N\u00e4he. Probiere NATSEQ selbst aus...\" \/>\n<meta name=\"robots\" content=\"noindex, follow, max-snippet:-1, max-image-preview:large, max-video-preview:-1\" \/>\n<meta property=\"og:locale\" content=\"en_GB\" \/>\n<meta property=\"og:type\" content=\"article\" \/>\n<meta property=\"og:title\" content=\"Location Finder von KAYAK INNOVATIONS\" \/>\n<meta property=\"og:description\" content=\"Finde interaktiv den n\u00e4chsten Fachhandelspartner f\u00fcr NATSEQ Kajaks in deiner N\u00e4he. Probiere NATSEQ selbst aus...\" \/>\n<meta property=\"og:url\" content=\"https:\/\/kayak-new.ivato.de\/en\/location-finder\/\" \/>\n<meta property=\"og:site_name\" content=\"KAYAK INNOVATIONS\" \/>\n<meta property=\"article:publisher\" content=\"https:\/\/www.facebook.com\/NATSEQ-108045581073906\" \/>\n<meta property=\"article:modified_time\" content=\"2023-05-23T12:25:49+00:00\" \/>\n<meta name=\"twitter:card\" content=\"summary_large_image\" \/>\n<meta name=\"twitter:label1\" content=\"Estimated reading time\" \/>\n\t<meta name=\"twitter:data1\" content=\"1 minute\" \/>\n<script type=\"application\/ld+json\" class=\"yoast-schema-graph\">{\"@context\":\"https:\\\/\\\/schema.org\",\"@graph\":[{\"@type\":\"WebPage\",\"@id\":\"https:\\\/\\\/kayak-new.ivato.de\\\/location-finder\\\/\",\"url\":\"https:\\\/\\\/kayak-new.ivato.de\\\/location-finder\\\/\",\"name\":\"Location Finder von KAYAK INNOVATIONS\",\"isPartOf\":{\"@id\":\"https:\\\/\\\/kayak-new.ivato.de\\\/#website\"},\"datePublished\":\"2022-08-22T11:39:57+00:00\",\"dateModified\":\"2023-05-23T12:25:49+00:00\",\"description\":\"Finde interaktiv den n\u00e4chsten Fachhandelspartner f\u00fcr NATSEQ Kajaks in deiner N\u00e4he. Probiere NATSEQ selbst aus...\",\"breadcrumb\":{\"@id\":\"https:\\\/\\\/kayak-new.ivato.de\\\/location-finder\\\/#breadcrumb\"},\"inLanguage\":\"en-GB\",\"potentialAction\":[{\"@type\":\"ReadAction\",\"target\":[\"https:\\\/\\\/kayak-new.ivato.de\\\/location-finder\\\/\"]}]},{\"@type\":\"BreadcrumbList\",\"@id\":\"https:\\\/\\\/kayak-new.ivato.de\\\/location-finder\\\/#breadcrumb\",\"itemListElement\":[{\"@type\":\"ListItem\",\"position\":1,\"name\":\"Startseite\",\"item\":\"https:\\\/\\\/kayak-new.ivato.de\\\/\"},{\"@type\":\"ListItem\",\"position\":2,\"name\":\"Location Finder\"}]},{\"@type\":\"WebSite\",\"@id\":\"https:\\\/\\\/kayak-new.ivato.de\\\/#website\",\"url\":\"https:\\\/\\\/kayak-new.ivato.de\\\/\",\"name\":\"KAYAK INNOVATIONS\",\"description\":\"Modulares Kajakdesign\",\"publisher\":{\"@id\":\"https:\\\/\\\/kayak-new.ivato.de\\\/#organization\"},\"potentialAction\":[{\"@type\":\"SearchAction\",\"target\":{\"@type\":\"EntryPoint\",\"urlTemplate\":\"https:\\\/\\\/kayak-new.ivato.de\\\/?s={search_term_string}\"},\"query-input\":{\"@type\":\"PropertyValueSpecification\",\"valueRequired\":true,\"valueName\":\"search_term_string\"}}],\"inLanguage\":\"en-GB\"},{\"@type\":\"Organization\",\"@id\":\"https:\\\/\\\/kayak-new.ivato.de\\\/#organization\",\"name\":\"KAYAK INNOVATIONS\",\"url\":\"https:\\\/\\\/kayak-new.ivato.de\\\/\",\"logo\":{\"@type\":\"ImageObject\",\"inLanguage\":\"en-GB\",\"@id\":\"https:\\\/\\\/kayak-new.ivato.de\\\/#\\\/schema\\\/logo\\\/image\\\/\",\"url\":\"https:\\\/\\\/kayak-new.ivato.de\\\/wp-content\\\/uploads\\\/2023\\\/03\\\/Logo_Kayak_Innovations.png\",\"contentUrl\":\"https:\\\/\\\/kayak-new.ivato.de\\\/wp-content\\\/uploads\\\/2023\\\/03\\\/Logo_Kayak_Innovations.png\",\"width\":640,\"height\":132,\"caption\":\"KAYAK INNOVATIONS\"},\"image\":{\"@id\":\"https:\\\/\\\/kayak-new.ivato.de\\\/#\\\/schema\\\/logo\\\/image\\\/\"},\"sameAs\":[\"https:\\\/\\\/www.facebook.com\\\/NATSEQ-108045581073906\",\"https:\\\/\\\/www.instagram.com\\\/kayak.innovations\\\/\"]}]}<\/script>\n<!-- \/ Yoast SEO plugin. -->","yoast_head_json":{"title":"Location Finder von KAYAK INNOVATIONS","description":"Finde interaktiv den n\u00e4chsten Fachhandelspartner f\u00fcr NATSEQ Kajaks in deiner N\u00e4he. Probiere NATSEQ selbst aus...","robots":{"index":"noindex","follow":"follow","max-snippet":"max-snippet:-1","max-image-preview":"max-image-preview:large","max-video-preview":"max-video-preview:-1"},"og_locale":"en_GB","og_type":"article","og_title":"Location Finder von KAYAK INNOVATIONS","og_description":"Finde interaktiv den n\u00e4chsten Fachhandelspartner f\u00fcr NATSEQ Kajaks in deiner N\u00e4he. Probiere NATSEQ selbst aus...","og_url":"https:\/\/kayak-new.ivato.de\/en\/location-finder\/","og_site_name":"KAYAK INNOVATIONS","article_publisher":"https:\/\/www.facebook.com\/NATSEQ-108045581073906","article_modified_time":"2023-05-23T12:25:49+00:00","twitter_card":"summary_large_image","twitter_misc":{"Estimated reading time":"1 minute"},"schema":{"@context":"https:\/\/schema.org","@graph":[{"@type":"WebPage","@id":"https:\/\/kayak-new.ivato.de\/location-finder\/","url":"https:\/\/kayak-new.ivato.de\/location-finder\/","name":"Location Finder von KAYAK INNOVATIONS","isPartOf":{"@id":"https:\/\/kayak-new.ivato.de\/#website"},"datePublished":"2022-08-22T11:39:57+00:00","dateModified":"2023-05-23T12:25:49+00:00","description":"Finde interaktiv den n\u00e4chsten Fachhandelspartner f\u00fcr NATSEQ Kajaks in deiner N\u00e4he. Probiere NATSEQ selbst aus...","breadcrumb":{"@id":"https:\/\/kayak-new.ivato.de\/location-finder\/#breadcrumb"},"inLanguage":"en-GB","potentialAction":[{"@type":"ReadAction","target":["https:\/\/kayak-new.ivato.de\/location-finder\/"]}]},{"@type":"BreadcrumbList","@id":"https:\/\/kayak-new.ivato.de\/location-finder\/#breadcrumb","itemListElement":[{"@type":"ListItem","position":1,"name":"Startseite","item":"https:\/\/kayak-new.ivato.de\/"},{"@type":"ListItem","position":2,"name":"Location Finder"}]},{"@type":"WebSite","@id":"https:\/\/kayak-new.ivato.de\/#website","url":"https:\/\/kayak-new.ivato.de\/","name":"KAYAK INNOVATIONS","description":"Modulares Kajakdesign","publisher":{"@id":"https:\/\/kayak-new.ivato.de\/#organization"},"potentialAction":[{"@type":"SearchAction","target":{"@type":"EntryPoint","urlTemplate":"https:\/\/kayak-new.ivato.de\/?s={search_term_string}"},"query-input":{"@type":"PropertyValueSpecification","valueRequired":true,"valueName":"search_term_string"}}],"inLanguage":"en-GB"},{"@type":"Organization","@id":"https:\/\/kayak-new.ivato.de\/#organization","name":"KAYAK INNOVATIONS","url":"https:\/\/kayak-new.ivato.de\/","logo":{"@type":"ImageObject","inLanguage":"en-GB","@id":"https:\/\/kayak-new.ivato.de\/#\/schema\/logo\/image\/","url":"https:\/\/kayak-new.ivato.de\/wp-content\/uploads\/2023\/03\/Logo_Kayak_Innovations.png","contentUrl":"https:\/\/kayak-new.ivato.de\/wp-content\/uploads\/2023\/03\/Logo_Kayak_Innovations.png","width":640,"height":132,"caption":"KAYAK INNOVATIONS"},"image":{"@id":"https:\/\/kayak-new.ivato.de\/#\/schema\/logo\/image\/"},"sameAs":["https:\/\/www.facebook.com\/NATSEQ-108045581073906","https:\/\/www.instagram.com\/kayak.innovations\/"]}]}},"_links":{"self":[{"href":"https:\/\/kayak-new.ivato.de\/en\/wp-json\/wp\/v2\/pages\/247","targetHints":{"allow":["GET"]}}],"collection":[{"href":"https:\/\/kayak-new.ivato.de\/en\/wp-json\/wp\/v2\/pages"}],"about":[{"href":"https:\/\/kayak-new.ivato.de\/en\/wp-json\/wp\/v2\/types\/page"}],"author":[{"embeddable":true,"href":"https:\/\/kayak-new.ivato.de\/en\/wp-json\/wp\/v2\/users\/5"}],"replies":[{"embeddable":true,"href":"https:\/\/kayak-new.ivato.de\/en\/wp-json\/wp\/v2\/comments?post=247"}],"version-history":[{"count":22,"href":"https:\/\/kayak-new.ivato.de\/en\/wp-json\/wp\/v2\/pages\/247\/revisions"}],"predecessor-version":[{"id":108988,"href":"https:\/\/kayak-new.ivato.de\/en\/wp-json\/wp\/v2\/pages\/247\/revisions\/108988"}],"wp:attachment":[{"href":"https:\/\/kayak-new.ivato.de\/en\/wp-json\/wp\/v2\/media?parent=247"}],"curies":[{"name":"wp","href":"https:\/\/api.w.org\/{rel}","templated":true}]}}