{"id":314,"date":"2022-08-22T13:46:44","date_gmt":"2022-08-22T13:46:44","guid":{"rendered":"https:\/\/kayak.ivato.de\/?page_id=314"},"modified":"2023-05-17T11:48:54","modified_gmt":"2023-05-17T10:48:54","slug":"impressum","status":"publish","type":"page","link":"https:\/\/kayak-new.ivato.de\/en\/impressum\/","title":{"rendered":"Impressum"},"content":{"rendered":"<p>[et_pb_section fb_built=&#8220;1&#8243; custom_padding_last_edited=&#8220;on|phone&#8220; next_background_color=&#8220;#383939&#8243; _builder_version=&#8220;4.20.4&#8243; _module_preset=&#8220;default&#8220; background_color=&#8220;#4996D1&#8243; background_enable_image=&#8220;off&#8220; custom_margin=&#8220;0px|0px|0px|0px|false|false&#8220; custom_padding=&#8220;100px|0px|100px|0px|false|false&#8220; custom_padding_tablet=&#8220;60px|0px|80px|0px|false|false&#8220; custom_padding_phone=&#8220;40px|0px|40px|0px|false|false&#8220; bottom_divider_style=&#8220;wave2&#8243; bottom_divider_height=&#8220;40px&#8220; bottom_divider_flip=&#8220;vertical&#8220; bottom_divider_height_tablet=&#8220;20px&#8220; bottom_divider_height_phone=&#8220;20px&#8220; bottom_divider_height_last_edited=&#8220;on|tablet&#8220; saved_tabs=&#8220;all&#8220; locked=&#8220;off&#8220; global_colors_info=&#8220;{}&#8220;][et_pb_row _builder_version=&#8220;4.20.4&#8243; _module_preset=&#8220;default&#8220; width=&#8220;70%&#8220; width_tablet=&#8220;80%&#8220; width_phone=&#8220;80%&#8220; width_last_edited=&#8220;on|phone&#8220; max_width=&#8220;none&#8220; module_alignment=&#8220;center&#8220; custom_margin=&#8220;0px|0px|0px|0px|false|false&#8220; custom_padding=&#8220;0px|0px|0px|0px|false|false&#8220; saved_tabs=&#8220;all&#8220; global_colors_info=&#8220;{}&#8220;][et_pb_column type=&#8220;4_4&#8243; _builder_version=&#8220;4.19.5&#8243; _module_preset=&#8220;default&#8220; custom_padding=&#8220;0px||0px||false|false&#8220; global_colors_info=&#8220;{}&#8220;][et_pb_text _builder_version=&#8220;4.20.4&#8243; _module_preset=&#8220;default&#8220; header_font_size=&#8220;40px&#8220; custom_margin=&#8220;0px||0px||false|false&#8220; custom_padding=&#8220;0px||0px||false|false&#8220; animation_direction=&#8220;left&#8220; scroll_horizontal_motion=&#8220;0|80|80|100|-4|0|0&#8243; scroll_blur=&#8220;0|15|15|26|10|0|0&#8243; header_font_size_phone=&#8220;32px&#8220; border_color_bottom=&#8220;#FFFFFF&#8220; global_colors_info=&#8220;{}&#8220;]<\/p>\n<h1>Impressum<\/h1>\n<p>[\/et_pb_text][\/et_pb_column][\/et_pb_row][\/et_pb_section][et_pb_section fb_built=&#8220;1&#8243; custom_padding_last_edited=&#8220;on|phone&#8220; next_background_color=&#8220;#222222&#8243; _builder_version=&#8220;4.20.4&#8243; _module_preset=&#8220;default&#8220; background_color=&#8220;#383939&#8243; custom_margin=&#8220;0px|0px|0px|0px|false|false&#8220; custom_padding=&#8220;60px|0px|80px|0px|false|false&#8220; custom_padding_tablet=&#8220;60px|0px|80px|0px|false|false&#8220; custom_padding_phone=&#8220;40px|0px|40px|0px|false|false&#8220; bottom_divider_style=&#8220;wave2&#8243; bottom_divider_height=&#8220;20px&#8220; bottom_divider_flip=&#8220;vertical&#8220; saved_tabs=&#8220;all&#8220; locked=&#8220;off&#8220; global_colors_info=&#8220;{}&#8220;][et_pb_row column_structure=&#8220;3_5,2_5&#8243; _builder_version=&#8220;4.21.0&#8243; _module_preset=&#8220;default&#8220; width=&#8220;70%&#8220; width_tablet=&#8220;80%&#8220; width_phone=&#8220;80%&#8220; width_last_edited=&#8220;on|phone&#8220; max_width=&#8220;none&#8220; module_alignment=&#8220;center&#8220; custom_margin=&#8220;0px|0px|40px|0px|false|false&#8220; custom_margin_tablet=&#8220;0px|0px|40px|0px|false|false&#8220; custom_margin_phone=&#8220;||20px||false|false&#8220; custom_margin_last_edited=&#8220;off|desktop&#8220; custom_padding=&#8220;0px|0px|0px|0px|false|false&#8220; module_alignment_tablet=&#8220;center&#8220; module_alignment_phone=&#8220;center&#8220; module_alignment_last_edited=&#8220;on|tablet&#8220; saved_tabs=&#8220;all&#8220; global_colors_info=&#8220;{}&#8220;][et_pb_column type=&#8220;3_5&#8243; _builder_version=&#8220;4.18.0&#8243; _module_preset=&#8220;default&#8220; global_colors_info=&#8220;{}&#8220;][et_pb_text _builder_version=&#8220;4.21.0&#8243; _module_preset=&#8220;default&#8220; text_text_color=&#8220;#ffffff&#8220; header_4_text_color=&#8220;#4996d1&#8243; hover_enabled=&#8220;0&#8243; global_colors_info=&#8220;%91%93&#8243; sticky_enabled=&#8220;0&#8243;]<\/p>\n<p>Angaben gem\u00e4\u00df \u00a7 5 TMG<\/p>\n<div class=\"page\" title=\"Page 1\">\n<div class=\"layoutArea\">\n<div class=\"column\">\n<p>INUK Produktentwicklungs- und Produktions-GmbH<br \/>Am Kellerholz 10, D \u2013 17166 Teterow<br \/>E-Mail: <a href=\"mailto:contact@kayak-innovations.com\">contact@kayak-innovations.com<\/a><br \/>Internet: <a href=\"http:\/\/www.kayak-innovations.com\">www.kayak-innovations.com<\/a><br \/>Kontakt: <a href=\"\/kontakt\">zum Kontaktformular<\/a><\/p>\n<p>Amtsgericht Saarbru\u0308cken, HRB 105363<br \/>Ust-ID: DE323352958<br \/>Vertreten durch Gescha\u0308ftsfu\u0308hrer Jo\u0308rn Lorenz<\/p>\n<\/div>\n<\/div>\n<\/div>\n<h4><\/h4>\n<h4>Redaktion und Redaktionsanschrift:<\/h4>\n<p>Ariane Lorenz-Gartmann<\/p>\n<p>INUK Produktentwicklungs- und Produktions-GmbH<br \/>Am Kellerholz 10, D \u2013 17166 Teterow<br \/>Amtsgericht Rostock, HRB 14788<\/p>\n<h4>Technische Betreuung:<\/h4>\n<p>ivato GmbH<br \/>Peterssteinweg 14<br \/>04107 Leipzig<br \/><a href=\"http:\/\/www.ivato.de\" target=\"_blank\" rel=\"noopener\">www.ivato.de<\/a><\/p>\n<p>[\/et_pb_text][\/et_pb_column][et_pb_column type=&#8220;2_5&#8243; _builder_version=&#8220;4.20.0&#8243; _module_preset=&#8220;default&#8220; custom_padding_tablet=&#8220;&#8220; custom_padding_phone=&#8220;20px||20px||false|false&#8220; custom_padding_last_edited=&#8220;on|phone&#8220; background_color_phone=&#8220;#eaeaea&#8220; background_last_edited=&#8220;on|phone&#8220; background_enable_color_phone=&#8220;on&#8220; global_colors_info=&#8220;{}&#8220;][et_pb_image src=&#8220;https:\/\/kayak-new.ivato.de\/wp-content\/uploads\/2023\/02\/LogoEFRE-1024&#215;266-1.png&#8220; title_text=&#8220;LogoEFRE-1024&#215;266&#8243; _builder_version=&#8220;4.19.4&#8243; _module_preset=&#8220;default&#8220; locked=&#8220;off&#8220; global_colors_info=&#8220;{}&#8220;][\/et_pb_image][et_pb_button button_url=&#8220;@ET-DC@eyJkeW5hbWljIjp0cnVlLCJjb250ZW50IjoicG9zdF9saW5rX3VybF9wYWdlIiwic2V0dGluZ3MiOnsicG9zdF9pZCI6IjEwODYyMCJ9fQ==@&#8220; button_text=&#8220;Kontaktformular&#8220; button_alignment=&#8220;center&#8220; _builder_version=&#8220;4.21.0&#8243; _dynamic_attributes=&#8220;button_url&#8220; _module_preset=&#8220;default&#8220; custom_button=&#8220;on&#8220; button_text_size=&#8220;22px&#8220; button_text_color=&#8220;#FFFFFF&#8220; button_bg_color=&#8220;#4996D1&#8243; button_border_width=&#8220;0px&#8220; button_border_color=&#8220;RGBA(255,255,255,0)&#8220; button_border_radius=&#8220;0px&#8220; button_font=&#8220;Square_Roman||||||||&#8220; button_use_icon=&#8220;off&#8220; custom_margin=&#8220;0px||0px||false|false&#8220; custom_padding=&#8220;12px||12px||false|false&#8220; global_colors_info=&#8220;{}&#8220; button_text_color__hover=&#8220;#383939&#8243; button_text_color__hover_enabled=&#8220;on|hover&#8220; button_bg_color__hover=&#8220;#FFFFFF&#8220; button_bg_color__hover_enabled=&#8220;on|hover&#8220; disabled_on=&#8220;on|on|on&#8220; disabled=&#8220;on&#8220;][\/et_pb_button][\/et_pb_column][\/et_pb_row][et_pb_row _builder_version=&#8220;4.20.4&#8243; _module_preset=&#8220;default&#8220; width=&#8220;70%&#8220; width_tablet=&#8220;80%&#8220; width_phone=&#8220;80%&#8220; width_last_edited=&#8220;on|phone&#8220; max_width=&#8220;none&#8220; module_alignment=&#8220;center&#8220; custom_margin=&#8220;0px|0px|0px|0px|false|false&#8220; custom_padding=&#8220;0px|0px|0px|0px|false|false&#8220; saved_tabs=&#8220;all&#8220; global_colors_info=&#8220;{}&#8220;][et_pb_column type=&#8220;4_4&#8243; _builder_version=&#8220;4.18.0&#8243; _module_preset=&#8220;default&#8220; global_colors_info=&#8220;{}&#8220;][et_pb_text _builder_version=&#8220;4.21.0&#8243; _module_preset=&#8220;default&#8220; text_text_color=&#8220;#ffffff&#8220; header_4_text_color=&#8220;#4996d1&#8243; global_colors_info=&#8220;%91%93&#8243;]<\/p>\n<h4>Haftung f\u00fcr Links<\/h4>\n<p>Unser Angebot enth\u00e4lt Links zu externen Webseiten Dritter, auf deren Inhalte wir keinen Einfluss haben. Deshalb k\u00f6nnen wir f\u00fcr diese fremden Inhalte auch keine Gew\u00e4hr \u00fcbernehmen. F\u00fcr die Inhalte der verlinkten Seiten ist stets der jeweilige Anbieter oder Betreiber der Seiten verantwortlich. Die verlinkten Seiten wurden zum Zeitpunkt der Verlinkung auf m\u00f6gliche Rechtsverst\u00f6\u00dfe \u00fcberpr\u00fcft. Rechtswidrige Inhalte waren zum Zeitpunkt der Verlinkung nicht erkennbar. Eine permanente inhaltliche Kontrolle der verlinkten Seiten ist jedoch ohne konkrete Anhaltspunkte einer Rechtsverletzung nicht zumutbar. Bei Bekanntwerden von Rechtsverletzungen werden wir derartige Links umgehend entfernen.<\/p>\n<h4>Urheberrecht<\/h4>\n<p>Die durch die Seitenbetreiber erstellten Inhalte und Werke auf diesen Seiten unterliegen dem deutschen Urheberrecht. Die Vervielf\u00e4ltigung, Bearbeitung, Verbreitung und jede Art der Verwertung au\u00dferhalb der Grenzen des Urheberrechtes bed\u00fcrfen der schriftlichen Zustimmung des jeweiligen Autors bzw. Erstellers. Downloads und Kopien dieser Seite sind nur f\u00fcr den privaten, nicht kommerziellen Gebrauch gestattet. Soweit die Inhalte auf dieser Seite nicht vom Betreiber erstellt wurden, werden die Urheberrechte Dritter beachtet. Insbesondere werden Inhalte Dritter als solche gekennzeichnet. Sollten Sie trotzdem auf eine Urheberrechtsverletzung aufmerksam werden, bitten wir um einen entsprechenden Hinweis. Bei Bekanntwerden von Rechtsverletzungen werden wir derartige Inhalte umgehend entfernt.<\/p>\n<p>[\/et_pb_text][et_pb_text _builder_version=&#8220;4.20.4&#8243; _module_preset=&#8220;default&#8220; text_text_color=&#8220;#ffffff&#8220; header_3_text_color=&#8220;#4996d1&#8243; header_3_font_size=&#8220;22px&#8220; header_3_line_height=&#8220;1.6em&#8220; background_size=&#8220;initial&#8220; background_position=&#8220;top_left&#8220; background_repeat=&#8220;repeat&#8220; header_3_font_size_last_edited=&#8220;off|desktop&#8220; global_colors_info=&#8220;{}&#8220;]<\/p>\n<div class=\"woocommerce woocommerce-gzd woocommerce-gzd-complaints-shortcode\">\n\t\t\t<h3>Alternative Dispute Resolution in accordance with Art. 14 (1) ODR-VO and \u00a7 36 VSBG:<\/h3>\n\t\nZur Teilnahme an einem Streitbeilegungsverfahren vor einer Verbraucherschlichtungsstelle sind wir nicht verpflichtet und nicht bereit.<\/div>\n<p>[\/et_pb_text][\/et_pb_column][\/et_pb_row][\/et_pb_section]<\/p>\n","protected":false},"excerpt":{"rendered":"<p>ImpressumAngaben gem\u00e4\u00df \u00a7 5 TMG INUK Produktentwicklungs- und Produktions-GmbHAm Kellerholz 10, D \u2013 17166 TeterowE-Mail: contact@kayak-innovations.comInternet: www.kayak-innovations.comKontakt: zum Kontaktformular Amtsgericht Saarbru\u0308cken, HRB 105363Ust-ID: DE323352958Vertreten durch Gescha\u0308ftsfu\u0308hrer Jo\u0308rn Lorenz Redaktion und Redaktionsanschrift: Ariane Lorenz-Gartmann INUK Produktentwicklungs- und Produktions-GmbHAm Kellerholz 10, D \u2013 17166 TeterowAmtsgericht Rostock, HRB 14788 Technische Betreuung: ivato GmbHPeterssteinweg 1404107 Leipzigwww.ivato.deHaftung f\u00fcr Links Unser [&hellip;]<\/p>\n","protected":false},"author":5,"featured_media":0,"parent":0,"menu_order":0,"comment_status":"closed","ping_status":"closed","template":"","meta":{"_et_pb_use_builder":"on","_et_pb_old_content":"<!-- wp:divi\/placeholder \/-->","_et_gb_content_width":"","footnotes":""},"class_list":["post-314","page","type-page","status-publish","hentry"],"yoast_head":"<!-- This site is optimized with the Yoast SEO plugin v27.3 - https:\/\/yoast.com\/product\/yoast-seo-wordpress\/ -->\n<title>Impressum von KAYAK INNOVATIONS<\/title>\n<meta name=\"description\" content=\"Impressum und Haftungsausschluss von INUK Kajak Innovation GmbH\" \/>\n<meta name=\"robots\" content=\"noindex, follow, max-snippet:-1, max-image-preview:large, max-video-preview:-1\" \/>\n<meta property=\"og:locale\" content=\"en_GB\" \/>\n<meta property=\"og:type\" content=\"article\" \/>\n<meta property=\"og:title\" content=\"Impressum von KAYAK INNOVATIONS\" \/>\n<meta property=\"og:description\" content=\"Impressum und Haftungsausschluss von INUK Kajak Innovation GmbH\" \/>\n<meta property=\"og:url\" content=\"https:\/\/kayak-new.ivato.de\/en\/impressum\/\" \/>\n<meta property=\"og:site_name\" content=\"KAYAK INNOVATIONS\" \/>\n<meta property=\"article:publisher\" content=\"https:\/\/www.facebook.com\/NATSEQ-108045581073906\" \/>\n<meta property=\"article:modified_time\" content=\"2023-05-17T10:48:54+00:00\" \/>\n<meta name=\"twitter:card\" content=\"summary_large_image\" \/>\n<meta name=\"twitter:label1\" content=\"Estimated reading time\" \/>\n\t<meta name=\"twitter:data1\" content=\"3 minutes\" \/>\n<script type=\"application\/ld+json\" class=\"yoast-schema-graph\">{\"@context\":\"https:\\\/\\\/schema.org\",\"@graph\":[{\"@type\":\"WebPage\",\"@id\":\"https:\\\/\\\/kayak-new.ivato.de\\\/impressum\\\/\",\"url\":\"https:\\\/\\\/kayak-new.ivato.de\\\/impressum\\\/\",\"name\":\"Impressum von KAYAK INNOVATIONS\",\"isPartOf\":{\"@id\":\"https:\\\/\\\/kayak-new.ivato.de\\\/#website\"},\"datePublished\":\"2022-08-22T13:46:44+00:00\",\"dateModified\":\"2023-05-17T10:48:54+00:00\",\"description\":\"Impressum und Haftungsausschluss von INUK Kajak Innovation GmbH\",\"breadcrumb\":{\"@id\":\"https:\\\/\\\/kayak-new.ivato.de\\\/impressum\\\/#breadcrumb\"},\"inLanguage\":\"en-GB\",\"potentialAction\":[{\"@type\":\"ReadAction\",\"target\":[\"https:\\\/\\\/kayak-new.ivato.de\\\/impressum\\\/\"]}]},{\"@type\":\"BreadcrumbList\",\"@id\":\"https:\\\/\\\/kayak-new.ivato.de\\\/impressum\\\/#breadcrumb\",\"itemListElement\":[{\"@type\":\"ListItem\",\"position\":1,\"name\":\"Startseite\",\"item\":\"https:\\\/\\\/kayak-new.ivato.de\\\/\"},{\"@type\":\"ListItem\",\"position\":2,\"name\":\"Impressum\"}]},{\"@type\":\"WebSite\",\"@id\":\"https:\\\/\\\/kayak-new.ivato.de\\\/#website\",\"url\":\"https:\\\/\\\/kayak-new.ivato.de\\\/\",\"name\":\"KAYAK INNOVATIONS\",\"description\":\"Modulares Kajakdesign\",\"publisher\":{\"@id\":\"https:\\\/\\\/kayak-new.ivato.de\\\/#organization\"},\"potentialAction\":[{\"@type\":\"SearchAction\",\"target\":{\"@type\":\"EntryPoint\",\"urlTemplate\":\"https:\\\/\\\/kayak-new.ivato.de\\\/?s={search_term_string}\"},\"query-input\":{\"@type\":\"PropertyValueSpecification\",\"valueRequired\":true,\"valueName\":\"search_term_string\"}}],\"inLanguage\":\"en-GB\"},{\"@type\":\"Organization\",\"@id\":\"https:\\\/\\\/kayak-new.ivato.de\\\/#organization\",\"name\":\"KAYAK INNOVATIONS\",\"url\":\"https:\\\/\\\/kayak-new.ivato.de\\\/\",\"logo\":{\"@type\":\"ImageObject\",\"inLanguage\":\"en-GB\",\"@id\":\"https:\\\/\\\/kayak-new.ivato.de\\\/#\\\/schema\\\/logo\\\/image\\\/\",\"url\":\"https:\\\/\\\/kayak-new.ivato.de\\\/wp-content\\\/uploads\\\/2023\\\/03\\\/Logo_Kayak_Innovations.png\",\"contentUrl\":\"https:\\\/\\\/kayak-new.ivato.de\\\/wp-content\\\/uploads\\\/2023\\\/03\\\/Logo_Kayak_Innovations.png\",\"width\":640,\"height\":132,\"caption\":\"KAYAK INNOVATIONS\"},\"image\":{\"@id\":\"https:\\\/\\\/kayak-new.ivato.de\\\/#\\\/schema\\\/logo\\\/image\\\/\"},\"sameAs\":[\"https:\\\/\\\/www.facebook.com\\\/NATSEQ-108045581073906\",\"https:\\\/\\\/www.instagram.com\\\/kayak.innovations\\\/\"]}]}<\/script>\n<!-- \/ Yoast SEO plugin. -->","yoast_head_json":{"title":"Impressum von KAYAK INNOVATIONS","description":"Impressum und Haftungsausschluss von INUK Kajak Innovation GmbH","robots":{"index":"noindex","follow":"follow","max-snippet":"max-snippet:-1","max-image-preview":"max-image-preview:large","max-video-preview":"max-video-preview:-1"},"og_locale":"en_GB","og_type":"article","og_title":"Impressum von KAYAK INNOVATIONS","og_description":"Impressum und Haftungsausschluss von INUK Kajak Innovation GmbH","og_url":"https:\/\/kayak-new.ivato.de\/en\/impressum\/","og_site_name":"KAYAK INNOVATIONS","article_publisher":"https:\/\/www.facebook.com\/NATSEQ-108045581073906","article_modified_time":"2023-05-17T10:48:54+00:00","twitter_card":"summary_large_image","twitter_misc":{"Estimated reading time":"3 minutes"},"schema":{"@context":"https:\/\/schema.org","@graph":[{"@type":"WebPage","@id":"https:\/\/kayak-new.ivato.de\/impressum\/","url":"https:\/\/kayak-new.ivato.de\/impressum\/","name":"Impressum von KAYAK INNOVATIONS","isPartOf":{"@id":"https:\/\/kayak-new.ivato.de\/#website"},"datePublished":"2022-08-22T13:46:44+00:00","dateModified":"2023-05-17T10:48:54+00:00","description":"Impressum und Haftungsausschluss von INUK Kajak Innovation GmbH","breadcrumb":{"@id":"https:\/\/kayak-new.ivato.de\/impressum\/#breadcrumb"},"inLanguage":"en-GB","potentialAction":[{"@type":"ReadAction","target":["https:\/\/kayak-new.ivato.de\/impressum\/"]}]},{"@type":"BreadcrumbList","@id":"https:\/\/kayak-new.ivato.de\/impressum\/#breadcrumb","itemListElement":[{"@type":"ListItem","position":1,"name":"Startseite","item":"https:\/\/kayak-new.ivato.de\/"},{"@type":"ListItem","position":2,"name":"Impressum"}]},{"@type":"WebSite","@id":"https:\/\/kayak-new.ivato.de\/#website","url":"https:\/\/kayak-new.ivato.de\/","name":"KAYAK INNOVATIONS","description":"Modulares Kajakdesign","publisher":{"@id":"https:\/\/kayak-new.ivato.de\/#organization"},"potentialAction":[{"@type":"SearchAction","target":{"@type":"EntryPoint","urlTemplate":"https:\/\/kayak-new.ivato.de\/?s={search_term_string}"},"query-input":{"@type":"PropertyValueSpecification","valueRequired":true,"valueName":"search_term_string"}}],"inLanguage":"en-GB"},{"@type":"Organization","@id":"https:\/\/kayak-new.ivato.de\/#organization","name":"KAYAK INNOVATIONS","url":"https:\/\/kayak-new.ivato.de\/","logo":{"@type":"ImageObject","inLanguage":"en-GB","@id":"https:\/\/kayak-new.ivato.de\/#\/schema\/logo\/image\/","url":"https:\/\/kayak-new.ivato.de\/wp-content\/uploads\/2023\/03\/Logo_Kayak_Innovations.png","contentUrl":"https:\/\/kayak-new.ivato.de\/wp-content\/uploads\/2023\/03\/Logo_Kayak_Innovations.png","width":640,"height":132,"caption":"KAYAK INNOVATIONS"},"image":{"@id":"https:\/\/kayak-new.ivato.de\/#\/schema\/logo\/image\/"},"sameAs":["https:\/\/www.facebook.com\/NATSEQ-108045581073906","https:\/\/www.instagram.com\/kayak.innovations\/"]}]}},"_links":{"self":[{"href":"https:\/\/kayak-new.ivato.de\/en\/wp-json\/wp\/v2\/pages\/314","targetHints":{"allow":["GET"]}}],"collection":[{"href":"https:\/\/kayak-new.ivato.de\/en\/wp-json\/wp\/v2\/pages"}],"about":[{"href":"https:\/\/kayak-new.ivato.de\/en\/wp-json\/wp\/v2\/types\/page"}],"author":[{"embeddable":true,"href":"https:\/\/kayak-new.ivato.de\/en\/wp-json\/wp\/v2\/users\/5"}],"replies":[{"embeddable":true,"href":"https:\/\/kayak-new.ivato.de\/en\/wp-json\/wp\/v2\/comments?post=314"}],"version-history":[{"count":27,"href":"https:\/\/kayak-new.ivato.de\/en\/wp-json\/wp\/v2\/pages\/314\/revisions"}],"predecessor-version":[{"id":108685,"href":"https:\/\/kayak-new.ivato.de\/en\/wp-json\/wp\/v2\/pages\/314\/revisions\/108685"}],"wp:attachment":[{"href":"https:\/\/kayak-new.ivato.de\/en\/wp-json\/wp\/v2\/media?parent=314"}],"curies":[{"name":"wp","href":"https:\/\/api.w.org\/{rel}","templated":true}]}}