{"id":108725,"date":"2023-05-19T11:58:17","date_gmt":"2023-05-19T10:58:17","guid":{"rendered":"https:\/\/kayak-new.ivato.de\/?post_type=product&#038;p=108725"},"modified":"2023-05-23T07:59:12","modified_gmt":"2023-05-23T06:59:12","slug":"natseq-solo-blau","status":"publish","type":"product","link":"https:\/\/kayak-new.ivato.de\/en\/product\/natseq-solo-blau\/","title":{"rendered":"NATSEQ Solo Blau"},"content":{"rendered":"<p>NATSEQ ist ein einzigartiges teilbares, weil modulares Kajak mit bester Performance und der wohl l\u00e4ngsten Wasserlinie in dieser Bootsl\u00e4nge.<\/p>\n<p>Sportliche Linienf\u00fchrung gepaart mit viel Platz in Bug und Heck als komplett nutzbarem Stauraum sowie ein riesiges Cockpit, in dem selbst \u00fcber 2 Meter gro\u00dfe Paddler:innen komfortabel Platz nehmen k\u00f6nnen.<\/p>\n<p>Die hydrodynamisch vollendete Unterwasserform aus U-Spant zu Knickspant, gem\u00e4\u00dfigtem Kielsprung und geringer benetzter Fl\u00e4che, durch perfektes L\u00e4ngen-Breitenverh\u00e4ltnis und gr\u00f6\u00dfter Breite hinter dem Cockpit verleiht dem NATSEQ eine hervorragende Performance. Die Wasserlinie ist vielleicht die L\u00e4ngste in dieser Bootsl\u00e4nge.<\/p>\n<p>NATSEQ eignet sich hervorragend f\u00fcr Fl\u00fcsse, Seen und K\u00fcstengew\u00e4sser \u2013 f\u00fcr ein paar Stunden oder Tage, allein oder zu zweit, dritt, \u2026 mit Gep\u00e4ck, Hund oder ohne.<\/p>\n<p>NATSEQ als Solo schafft eine Zuladung von 160kg, als Tandem kommen bis zu 260kg mit an Bord. F\u00fcr noch l\u00e4ngere Touren oder den Hund + Gep\u00e4ck bietet der PACKER weitere 60l an Ladevolumen und tr\u00e4gt nochmal bis zu 50kg.<\/p>\n<p>Wir haben ein schnelles, wendiges und leicht zu man\u00f6vrierendes Kajak konstruiert und gebaut, dass den Vergleich mit anderen hochwertigen Kajaks nicht zu scheuen braucht und Euch viel Freude und entspannte Stunden auf dem Wasser bereiten wird!<\/p>\n<p>NATSEQ ist regional, weil zu 100 Prozent Made in Germany!<\/p>\n<p>Aktuell in 3 Farben lieferbar: Rot, Gr\u00fcn, Blau<\/p>\n<p>&nbsp;<\/p>","protected":false},"excerpt":{"rendered":"<p>NATSEQ &#8211; Ein einzigartiges, teilbares Kajak, das sich in Sekunden vom Einer in einen Zweier verwandelt. Es besitzt ein zum Patent angemeldetes Verschlusssystem, das ein schnelles Auf- und Abbauen sowie platzsparenden Transport &amp; Lagerung erm\u00f6glicht.<\/p>\n<p>&nbsp;<\/p>\n<p><strong>Outletartikel <\/strong>NATSEQ Solo Blau: leichte Kratzer siehe Bilder<\/p>\n<p>Den hier angebotenen Artikel k\u00f6nnt ihr bei uns im Showroom im Kieler Olympiahafen abholen. Bitte meldet euch dazu per Mail bei uns unter <a href=\"mailto:service@kayak-innovations.com\">service@kayak-innovations.com<\/a><\/p>\n<p>Wir setzen uns dann mit euch in Verbindung.<\/p>","protected":false},"featured_media":106644,"template":"","meta":{"_et_pb_use_builder":"","_et_pb_old_content":"","_et_gb_content_width":""},"product_brand":[],"product_cat":[185],"product_tag":[],"class_list":{"0":"post-108725","1":"product","2":"type-product","3":"status-publish","4":"has-post-thumbnail","6":"product_cat-outlet","8":"first","9":"instock","10":"taxable","11":"shipping-taxable","12":"purchasable","13":"product-type-simple"},"yoast_head":"<!-- This site is optimized with the Yoast SEO plugin v27.3 - https:\/\/yoast.com\/product\/yoast-seo-wordpress\/ -->\n<title>NATSEQ Solo Blau - KAYAK INNOVATIONS<\/title>\n<meta name=\"robots\" content=\"noindex, follow, max-snippet:-1, max-image-preview:large, max-video-preview:-1\" \/>\n<meta property=\"og:locale\" content=\"en_GB\" \/>\n<meta property=\"og:type\" content=\"article\" \/>\n<meta property=\"og:title\" content=\"NATSEQ Solo Blau - KAYAK INNOVATIONS\" \/>\n<meta property=\"og:description\" content=\"NATSEQ - Ein einzigartiges, teilbares Kajak, das sich in Sekunden vom Einer in einen Zweier verwandelt. Es besitzt ein zum Patent angemeldetes Verschlusssystem, das ein schnelles Auf- und Abbauen sowie platzsparenden Transport &amp; Lagerung erm\u00f6glicht.  &nbsp;  Outletartikel NATSEQ Solo Blau: leichte Kratzer siehe Bilder  Den hier angebotenen Artikel k\u00f6nnt ihr bei uns im Showroom im Kieler Olympiahafen abholen. Bitte meldet euch dazu per Mail bei uns unter service@kayak-innovations.com  Wir setzen uns dann mit euch in Verbindung.\" \/>\n<meta property=\"og:url\" content=\"https:\/\/kayak-new.ivato.de\/en\/product\/natseq-solo-blau\/\" \/>\n<meta property=\"og:site_name\" content=\"KAYAK INNOVATIONS\" \/>\n<meta property=\"article:publisher\" content=\"https:\/\/www.facebook.com\/NATSEQ-108045581073906\" \/>\n<meta property=\"article:modified_time\" content=\"2023-05-23T06:59:12+00:00\" \/>\n<meta property=\"og:image\" content=\"https:\/\/kayak-new.ivato.de\/wp-content\/uploads\/2023\/03\/1_kayakinnovations-natseq14-1.jpg\" \/>\n\t<meta property=\"og:image:width\" content=\"800\" \/>\n\t<meta property=\"og:image:height\" content=\"800\" \/>\n\t<meta property=\"og:image:type\" content=\"image\/jpeg\" \/>\n<meta name=\"twitter:card\" content=\"summary_large_image\" \/>\n<meta name=\"twitter:label1\" content=\"Estimated reading time\" \/>\n\t<meta name=\"twitter:data1\" content=\"2 minutes\" \/>\n<script type=\"application\/ld+json\" class=\"yoast-schema-graph\">{\"@context\":\"https:\\\/\\\/schema.org\",\"@graph\":[{\"@type\":\"WebPage\",\"@id\":\"https:\\\/\\\/kayak-new.ivato.de\\\/product\\\/natseq-solo-blau\\\/\",\"url\":\"https:\\\/\\\/kayak-new.ivato.de\\\/product\\\/natseq-solo-blau\\\/\",\"name\":\"NATSEQ Solo Blau - KAYAK INNOVATIONS\",\"isPartOf\":{\"@id\":\"https:\\\/\\\/kayak-new.ivato.de\\\/#website\"},\"primaryImageOfPage\":{\"@id\":\"https:\\\/\\\/kayak-new.ivato.de\\\/product\\\/natseq-solo-blau\\\/#primaryimage\"},\"image\":{\"@id\":\"https:\\\/\\\/kayak-new.ivato.de\\\/product\\\/natseq-solo-blau\\\/#primaryimage\"},\"thumbnailUrl\":\"https:\\\/\\\/kayak-new.ivato.de\\\/wp-content\\\/uploads\\\/2023\\\/03\\\/1_kayakinnovations-natseq14-1.jpg\",\"datePublished\":\"2023-05-19T10:58:17+00:00\",\"dateModified\":\"2023-05-23T06:59:12+00:00\",\"breadcrumb\":{\"@id\":\"https:\\\/\\\/kayak-new.ivato.de\\\/product\\\/natseq-solo-blau\\\/#breadcrumb\"},\"inLanguage\":\"en-GB\",\"potentialAction\":[{\"@type\":\"ReadAction\",\"target\":[\"https:\\\/\\\/kayak-new.ivato.de\\\/product\\\/natseq-solo-blau\\\/\"]}]},{\"@type\":\"ImageObject\",\"inLanguage\":\"en-GB\",\"@id\":\"https:\\\/\\\/kayak-new.ivato.de\\\/product\\\/natseq-solo-blau\\\/#primaryimage\",\"url\":\"https:\\\/\\\/kayak-new.ivato.de\\\/wp-content\\\/uploads\\\/2023\\\/03\\\/1_kayakinnovations-natseq14-1.jpg\",\"contentUrl\":\"https:\\\/\\\/kayak-new.ivato.de\\\/wp-content\\\/uploads\\\/2023\\\/03\\\/1_kayakinnovations-natseq14-1.jpg\",\"width\":800,\"height\":800},{\"@type\":\"BreadcrumbList\",\"@id\":\"https:\\\/\\\/kayak-new.ivato.de\\\/product\\\/natseq-solo-blau\\\/#breadcrumb\",\"itemListElement\":[{\"@type\":\"ListItem\",\"position\":1,\"name\":\"Startseite\",\"item\":\"https:\\\/\\\/kayak-new.ivato.de\\\/\"},{\"@type\":\"ListItem\",\"position\":2,\"name\":\"Shop\",\"item\":\"https:\\\/\\\/kayak-new.ivato.de\\\/shop\\\/\"},{\"@type\":\"ListItem\",\"position\":3,\"name\":\"Outlet\",\"item\":\"https:\\\/\\\/kayak-new.ivato.de\\\/product-category\\\/outlet\\\/\"},{\"@type\":\"ListItem\",\"position\":4,\"name\":\"NATSEQ Solo Blau\"}]},{\"@type\":\"WebSite\",\"@id\":\"https:\\\/\\\/kayak-new.ivato.de\\\/#website\",\"url\":\"https:\\\/\\\/kayak-new.ivato.de\\\/\",\"name\":\"KAYAK INNOVATIONS\",\"description\":\"Modulares Kajakdesign\",\"publisher\":{\"@id\":\"https:\\\/\\\/kayak-new.ivato.de\\\/#organization\"},\"potentialAction\":[{\"@type\":\"SearchAction\",\"target\":{\"@type\":\"EntryPoint\",\"urlTemplate\":\"https:\\\/\\\/kayak-new.ivato.de\\\/?s={search_term_string}\"},\"query-input\":{\"@type\":\"PropertyValueSpecification\",\"valueRequired\":true,\"valueName\":\"search_term_string\"}}],\"inLanguage\":\"en-GB\"},{\"@type\":\"Organization\",\"@id\":\"https:\\\/\\\/kayak-new.ivato.de\\\/#organization\",\"name\":\"KAYAK INNOVATIONS\",\"url\":\"https:\\\/\\\/kayak-new.ivato.de\\\/\",\"logo\":{\"@type\":\"ImageObject\",\"inLanguage\":\"en-GB\",\"@id\":\"https:\\\/\\\/kayak-new.ivato.de\\\/#\\\/schema\\\/logo\\\/image\\\/\",\"url\":\"https:\\\/\\\/kayak-new.ivato.de\\\/wp-content\\\/uploads\\\/2023\\\/03\\\/Logo_Kayak_Innovations.png\",\"contentUrl\":\"https:\\\/\\\/kayak-new.ivato.de\\\/wp-content\\\/uploads\\\/2023\\\/03\\\/Logo_Kayak_Innovations.png\",\"width\":640,\"height\":132,\"caption\":\"KAYAK INNOVATIONS\"},\"image\":{\"@id\":\"https:\\\/\\\/kayak-new.ivato.de\\\/#\\\/schema\\\/logo\\\/image\\\/\"},\"sameAs\":[\"https:\\\/\\\/www.facebook.com\\\/NATSEQ-108045581073906\",\"https:\\\/\\\/www.instagram.com\\\/kayak.innovations\\\/\"]}]}<\/script>\n<!-- \/ Yoast SEO plugin. -->","yoast_head_json":{"title":"NATSEQ Solo Blau - KAYAK INNOVATIONS","robots":{"index":"noindex","follow":"follow","max-snippet":"max-snippet:-1","max-image-preview":"max-image-preview:large","max-video-preview":"max-video-preview:-1"},"og_locale":"en_GB","og_type":"article","og_title":"NATSEQ Solo Blau - KAYAK INNOVATIONS","og_description":"NATSEQ - Ein einzigartiges, teilbares Kajak, das sich in Sekunden vom Einer in einen Zweier verwandelt. Es besitzt ein zum Patent angemeldetes Verschlusssystem, das ein schnelles Auf- und Abbauen sowie platzsparenden Transport &amp; Lagerung erm\u00f6glicht.  &nbsp;  Outletartikel NATSEQ Solo Blau: leichte Kratzer siehe Bilder  Den hier angebotenen Artikel k\u00f6nnt ihr bei uns im Showroom im Kieler Olympiahafen abholen. Bitte meldet euch dazu per Mail bei uns unter service@kayak-innovations.com  Wir setzen uns dann mit euch in Verbindung.","og_url":"https:\/\/kayak-new.ivato.de\/en\/product\/natseq-solo-blau\/","og_site_name":"KAYAK INNOVATIONS","article_publisher":"https:\/\/www.facebook.com\/NATSEQ-108045581073906","article_modified_time":"2023-05-23T06:59:12+00:00","og_image":[{"width":800,"height":800,"url":"https:\/\/kayak-new.ivato.de\/wp-content\/uploads\/2023\/03\/1_kayakinnovations-natseq14-1.jpg","type":"image\/jpeg"}],"twitter_card":"summary_large_image","twitter_misc":{"Estimated reading time":"2 minutes"},"schema":{"@context":"https:\/\/schema.org","@graph":[{"@type":"WebPage","@id":"https:\/\/kayak-new.ivato.de\/product\/natseq-solo-blau\/","url":"https:\/\/kayak-new.ivato.de\/product\/natseq-solo-blau\/","name":"NATSEQ Solo Blau - KAYAK INNOVATIONS","isPartOf":{"@id":"https:\/\/kayak-new.ivato.de\/#website"},"primaryImageOfPage":{"@id":"https:\/\/kayak-new.ivato.de\/product\/natseq-solo-blau\/#primaryimage"},"image":{"@id":"https:\/\/kayak-new.ivato.de\/product\/natseq-solo-blau\/#primaryimage"},"thumbnailUrl":"https:\/\/kayak-new.ivato.de\/wp-content\/uploads\/2023\/03\/1_kayakinnovations-natseq14-1.jpg","datePublished":"2023-05-19T10:58:17+00:00","dateModified":"2023-05-23T06:59:12+00:00","breadcrumb":{"@id":"https:\/\/kayak-new.ivato.de\/product\/natseq-solo-blau\/#breadcrumb"},"inLanguage":"en-GB","potentialAction":[{"@type":"ReadAction","target":["https:\/\/kayak-new.ivato.de\/product\/natseq-solo-blau\/"]}]},{"@type":"ImageObject","inLanguage":"en-GB","@id":"https:\/\/kayak-new.ivato.de\/product\/natseq-solo-blau\/#primaryimage","url":"https:\/\/kayak-new.ivato.de\/wp-content\/uploads\/2023\/03\/1_kayakinnovations-natseq14-1.jpg","contentUrl":"https:\/\/kayak-new.ivato.de\/wp-content\/uploads\/2023\/03\/1_kayakinnovations-natseq14-1.jpg","width":800,"height":800},{"@type":"BreadcrumbList","@id":"https:\/\/kayak-new.ivato.de\/product\/natseq-solo-blau\/#breadcrumb","itemListElement":[{"@type":"ListItem","position":1,"name":"Startseite","item":"https:\/\/kayak-new.ivato.de\/"},{"@type":"ListItem","position":2,"name":"Shop","item":"https:\/\/kayak-new.ivato.de\/shop\/"},{"@type":"ListItem","position":3,"name":"Outlet","item":"https:\/\/kayak-new.ivato.de\/product-category\/outlet\/"},{"@type":"ListItem","position":4,"name":"NATSEQ Solo Blau"}]},{"@type":"WebSite","@id":"https:\/\/kayak-new.ivato.de\/#website","url":"https:\/\/kayak-new.ivato.de\/","name":"KAYAK INNOVATIONS","description":"Modulares Kajakdesign","publisher":{"@id":"https:\/\/kayak-new.ivato.de\/#organization"},"potentialAction":[{"@type":"SearchAction","target":{"@type":"EntryPoint","urlTemplate":"https:\/\/kayak-new.ivato.de\/?s={search_term_string}"},"query-input":{"@type":"PropertyValueSpecification","valueRequired":true,"valueName":"search_term_string"}}],"inLanguage":"en-GB"},{"@type":"Organization","@id":"https:\/\/kayak-new.ivato.de\/#organization","name":"KAYAK INNOVATIONS","url":"https:\/\/kayak-new.ivato.de\/","logo":{"@type":"ImageObject","inLanguage":"en-GB","@id":"https:\/\/kayak-new.ivato.de\/#\/schema\/logo\/image\/","url":"https:\/\/kayak-new.ivato.de\/wp-content\/uploads\/2023\/03\/Logo_Kayak_Innovations.png","contentUrl":"https:\/\/kayak-new.ivato.de\/wp-content\/uploads\/2023\/03\/Logo_Kayak_Innovations.png","width":640,"height":132,"caption":"KAYAK INNOVATIONS"},"image":{"@id":"https:\/\/kayak-new.ivato.de\/#\/schema\/logo\/image\/"},"sameAs":["https:\/\/www.facebook.com\/NATSEQ-108045581073906","https:\/\/www.instagram.com\/kayak.innovations\/"]}]}},"_links":{"self":[{"href":"https:\/\/kayak-new.ivato.de\/en\/wp-json\/wp\/v2\/product\/108725","targetHints":{"allow":["GET"]}}],"collection":[{"href":"https:\/\/kayak-new.ivato.de\/en\/wp-json\/wp\/v2\/product"}],"about":[{"href":"https:\/\/kayak-new.ivato.de\/en\/wp-json\/wp\/v2\/types\/product"}],"wp:featuredmedia":[{"embeddable":true,"href":"https:\/\/kayak-new.ivato.de\/en\/wp-json\/wp\/v2\/media\/106644"}],"wp:attachment":[{"href":"https:\/\/kayak-new.ivato.de\/en\/wp-json\/wp\/v2\/media?parent=108725"}],"wp:term":[{"taxonomy":"product_brand","embeddable":true,"href":"https:\/\/kayak-new.ivato.de\/en\/wp-json\/wp\/v2\/product_brand?post=108725"},{"taxonomy":"product_cat","embeddable":true,"href":"https:\/\/kayak-new.ivato.de\/en\/wp-json\/wp\/v2\/product_cat?post=108725"},{"taxonomy":"product_tag","embeddable":true,"href":"https:\/\/kayak-new.ivato.de\/en\/wp-json\/wp\/v2\/product_tag?post=108725"}],"curies":[{"name":"wp","href":"https:\/\/api.w.org\/{rel}","templated":true}]}}